{"id":7,"date":"2025-05-20T09:49:24","date_gmt":"2025-05-20T07:49:24","guid":{"rendered":"http:\/\/mhwgzok.cluster100.hosting.ovh.net\/?page_id=7"},"modified":"2025-05-20T11:27:33","modified_gmt":"2025-05-20T09:27:33","slug":"a-propos-de","status":"publish","type":"page","link":"https:\/\/www.france-auction.fr\/index.php\/a-propos-de\/","title":{"rendered":"\u00c0 propos de"},"content":{"rendered":"\n<p>Marie Delahaussiere et Marc Lef\u00e8vre ont fond\u00e9 <strong>france-auction.fr <\/strong>avec une mission claire : rendre l\u2019art accessible \u00e0 tous gr\u00e2ce \u00e0 une plateforme d\u2019ench\u00e8res en ligne innovante. Inspir\u00e9s par les galeries traditionnelles et les ench\u00e8res prestigieuses, ils ont voulu cr\u00e9er un espace o\u00f9 artistes \u00e9mergents et collectionneurs passionn\u00e9s pourraient se rencontrer facilement.<\/p>\n\n\n\n<p>D\u00e8s ses d\u00e9buts, france-auction.fr se distingue par sa s\u00e9lection rigoureuse d\u2019\u0153uvres, allant des peintures contemporaines aux sculptures uniques, en passant par des photographies exclusives. Gr\u00e2ce \u00e0 une interface intuitive et des fonctionnalit\u00e9s avanc\u00e9es, la plateforme a rapidement attir\u00e9 une communaut\u00e9 dynamique d\u2019amateurs d\u2019art \u00e0 travers toute la France.<\/p>\n","protected":false},"excerpt":{"rendered":"<p>Marie Delahaussiere et Marc Lef\u00e8vre ont fond\u00e9 france-auction.fr avec une mission claire : rendre l\u2019art accessible \u00e0 tous gr\u00e2ce \u00e0 une plateforme d\u2019ench\u00e8res en ligne innovante. Inspir\u00e9s par les galeries traditionnelles et les ench\u00e8res prestigieuses, ils ont voulu cr\u00e9er un espace o\u00f9 artistes \u00e9mergents et collectionneurs passionn\u00e9s pourraient se rencontrer facilement. D\u00e8s ses d\u00e9buts, france-auction.fr [&hellip;]<\/p>\n","protected":false},"author":1,"featured_media":0,"parent":0,"menu_order":0,"comment_status":"closed","ping_status":"closed","template":"","meta":{"footnotes":""},"class_list":["post-7","page","type-page","status-publish","hentry"],"_links":{"self":[{"href":"https:\/\/www.france-auction.fr\/index.php\/wp-json\/wp\/v2\/pages\/7","targetHints":{"allow":["GET"]}}],"collection":[{"href":"https:\/\/www.france-auction.fr\/index.php\/wp-json\/wp\/v2\/pages"}],"about":[{"href":"https:\/\/www.france-auction.fr\/index.php\/wp-json\/wp\/v2\/types\/page"}],"author":[{"embeddable":true,"href":"https:\/\/www.france-auction.fr\/index.php\/wp-json\/wp\/v2\/users\/1"}],"replies":[{"embeddable":true,"href":"https:\/\/www.france-auction.fr\/index.php\/wp-json\/wp\/v2\/comments?post=7"}],"version-history":[{"count":5,"href":"https:\/\/www.france-auction.fr\/index.php\/wp-json\/wp\/v2\/pages\/7\/revisions"}],"predecessor-version":[{"id":48,"href":"https:\/\/www.france-auction.fr\/index.php\/wp-json\/wp\/v2\/pages\/7\/revisions\/48"}],"wp:attachment":[{"href":"https:\/\/www.france-auction.fr\/index.php\/wp-json\/wp\/v2\/media?parent=7"}],"curies":[{"name":"wp","href":"https:\/\/api.w.org\/{rel}","templated":true}]}}