{"id":6,"date":"2025-05-20T09:49:24","date_gmt":"2025-05-20T07:49:24","guid":{"rendered":"http:\/\/mhwgzok.cluster100.hosting.ovh.net\/?page_id=6"},"modified":"2025-05-20T11:28:51","modified_gmt":"2025-05-20T09:28:51","slug":"le-nouveau-e-mucem-ouvre-ses-portes-2","status":"publish","type":"page","link":"https:\/\/www.france-auction.fr\/","title":{"rendered":"France Auction"},"content":{"rendered":"\n<div class=\"wp-block-group alignwide\"><div class=\"wp-block-group__inner-container is-layout-flow wp-block-group-is-layout-flow\">\n<h2 class=\"wp-block-heading has-text-align-center\">Rejoignez notre communaut\u00e9 et faites de chaque ench\u00e8re une exp\u00e9rience r\u00e9ussie !<\/h2>\n<\/div><\/div>\n\n\n\n<div class=\"wp-block-columns alignwide is-layout-flex wp-container-core-columns-is-layout-9d6595d7 wp-block-columns-is-layout-flex\"><\/div>\n\n\n\n<figure class=\"wp-block-image alignfull size-full\"><img decoding=\"async\" src=\"http:\/\/mhwgzok.cluster100.hosting.ovh.net\/wp-content\/themes\/twentytwenty\/assets\/images\/2020-landscape-2.png\" alt=\"\" class=\"wp-image-37\"\/><\/figure>\n\n\n\n<div class=\"wp-block-group alignwide\"><div class=\"wp-block-group__inner-container is-layout-flow wp-block-group-is-layout-flow\">\n<h2 class=\"wp-block-heading has-text-align-center has-accent-color has-text-color\">\u00ab L&rsquo;art lave notre \u00e2me de la poussi\u00e8re de la vie quotidienne \u00bb<\/h2>\n\n\n\n<p class=\"has-text-align-center\"><strong><em>Picasso<\/em><\/strong><\/p>\n<\/div><\/div>\n\n\n\n<p class=\"has-drop-cap\">Les ench\u00e8res incarnent l&rsquo;essence m\u00eame de la passion et de la d\u00e9couverte. Chaque mise repr\u00e9sente une qu\u00eate unique pour d\u00e9nicher des tr\u00e9sors inestimables, qu&rsquo;il s&rsquo;agisse d&rsquo;\u0153uvres d&rsquo;art, d&rsquo;objets rares ou de pi\u00e8ces de collection. C&rsquo;est dans cet environnement dynamique que les collectionneurs et les amateurs d&rsquo;art se rencontrent, partageant un enthousiasme commun pour la beaut\u00e9 et l&rsquo;authenticit\u00e9.<\/p>\n\n\n\n<p>Participer \u00e0 une ench\u00e8re, c&rsquo;est embrasser l&rsquo;inconnu et se laisser porter par l&rsquo;excitation du moment. C&rsquo;est un lieu o\u00f9 la strat\u00e9gie rencontre l&rsquo;intuition, o\u00f9 chaque offre peut transformer une simple passion en une possession pr\u00e9cieuse. L&rsquo;\u00e9nergie collective et la comp\u00e9tition saine cr\u00e9ent une atmosph\u00e8re unique, propice aux rencontres enrichissantes et aux opportunit\u00e9s exceptionnelles. En rejoignant le monde des ench\u00e8res, vous devenez partie int\u00e9grante d&rsquo;une communaut\u00e9 vibrante, o\u00f9 chaque ench\u00e8re raconte une histoire et chaque victoire c\u00e9l\u00e8bre la beaut\u00e9 et l&rsquo;\u00e2me des objets mis en vente.<\/p>\n\n\n\n<p><\/p>\n\n\n\n<figure class=\"wp-block-gallery alignwide has-nested-images columns-default is-cropped wp-block-gallery-1 is-layout-flex wp-block-gallery-is-layout-flex\">\n<figure class=\"wp-block-image size-large\"><img decoding=\"async\" data-id=\"39\" src=\"http:\/\/mhwgzok.cluster100.hosting.ovh.net\/wp-content\/themes\/twentytwenty\/assets\/images\/2020-square-2.png\" alt=\"\" class=\"wp-image-39\"\/><\/figure>\n\n\n\n<figure class=\"wp-block-image size-large\"><img decoding=\"async\" data-id=\"38\" src=\"http:\/\/mhwgzok.cluster100.hosting.ovh.net\/wp-content\/themes\/twentytwenty\/assets\/images\/2020-square-1.png\" alt=\"\" class=\"wp-image-38\"\/><\/figure>\n<\/figure>\n","protected":false},"excerpt":{"rendered":"<p>Rejoignez notre communaut\u00e9 et faites de chaque ench\u00e8re une exp\u00e9rience r\u00e9ussie ! \u00ab L&rsquo;art lave notre \u00e2me de la poussi\u00e8re de la vie quotidienne \u00bb Picasso Les ench\u00e8res incarnent l&rsquo;essence m\u00eame de la passion et de la d\u00e9couverte. Chaque mise repr\u00e9sente une qu\u00eate unique pour d\u00e9nicher des tr\u00e9sors inestimables, qu&rsquo;il s&rsquo;agisse d&rsquo;\u0153uvres d&rsquo;art, d&rsquo;objets rares [&hellip;]<\/p>\n","protected":false},"author":1,"featured_media":5,"parent":0,"menu_order":0,"comment_status":"closed","ping_status":"closed","template":"","meta":{"footnotes":""},"class_list":["post-6","page","type-page","status-publish","has-post-thumbnail","hentry"],"_links":{"self":[{"href":"https:\/\/www.france-auction.fr\/index.php\/wp-json\/wp\/v2\/pages\/6","targetHints":{"allow":["GET"]}}],"collection":[{"href":"https:\/\/www.france-auction.fr\/index.php\/wp-json\/wp\/v2\/pages"}],"about":[{"href":"https:\/\/www.france-auction.fr\/index.php\/wp-json\/wp\/v2\/types\/page"}],"author":[{"embeddable":true,"href":"https:\/\/www.france-auction.fr\/index.php\/wp-json\/wp\/v2\/users\/1"}],"replies":[{"embeddable":true,"href":"https:\/\/www.france-auction.fr\/index.php\/wp-json\/wp\/v2\/comments?post=6"}],"version-history":[{"count":4,"href":"https:\/\/www.france-auction.fr\/index.php\/wp-json\/wp\/v2\/pages\/6\/revisions"}],"predecessor-version":[{"id":49,"href":"https:\/\/www.france-auction.fr\/index.php\/wp-json\/wp\/v2\/pages\/6\/revisions\/49"}],"wp:featuredmedia":[{"embeddable":true,"href":"https:\/\/www.france-auction.fr\/index.php\/wp-json\/wp\/v2\/media\/5"}],"wp:attachment":[{"href":"https:\/\/www.france-auction.fr\/index.php\/wp-json\/wp\/v2\/media?parent=6"}],"curies":[{"name":"wp","href":"https:\/\/api.w.org\/{rel}","templated":true}]}}